{"id":37,"date":"2015-02-13T09:23:13","date_gmt":"2015-02-13T09:23:13","guid":{"rendered":"http:\/\/pph\/siz\/?page_id=37"},"modified":"2020-04-13T09:43:41","modified_gmt":"2020-04-13T09:43:41","slug":"inovacije","status":"publish","type":"page","link":"https:\/\/www.savez-inovatora-zagreba.hr\/?page_id=37","title":{"rendered":"Inovacije"},"content":{"rendered":"<hr \/>\n<p style=\"text-align: center;\">Izbor najuspje\u0161nijih zagreba\u010dkih inovacija, autora \u010dlanova Saveza inovatora Zagreba, izlaganih na hrvatskim i me\u0111unarodnim izlo\u017ebama inovacija od 2014.g.<\/p>\n<p style=\"text-align: center;\">&gt;&gt;&gt;&gt;&gt; u izradi &lt;&lt;&lt;&lt;&lt;<\/p>\n<hr \/>\n<p style=\"text-align: center;\">","protected":false},"excerpt":{"rendered":"<p>Izbor najuspje\u0161nijih zagreba\u010dkih inovacija, autora \u010dlanova Saveza inovatora Zagreba, izlaganih na hrvatskim i me\u0111unarodnim izlo\u017ebama inovacija od 2014.g. &gt;&gt;&gt;&gt;&gt; u izradi &lt;&lt;&lt;&lt;&lt;<\/p>\n","protected":false},"author":1,"featured_media":0,"parent":0,"menu_order":0,"comment_status":"open","ping_status":"open","template":"","meta":[],"_links":{"self":[{"href":"https:\/\/www.savez-inovatora-zagreba.hr\/index.php?rest_route=\/wp\/v2\/pages\/37"}],"collection":[{"href":"https:\/\/www.savez-inovatora-zagreba.hr\/index.php?rest_route=\/wp\/v2\/pages"}],"about":[{"href":"https:\/\/www.savez-inovatora-zagreba.hr\/index.php?rest_route=\/wp\/v2\/types\/page"}],"author":[{"embeddable":true,"href":"https:\/\/www.savez-inovatora-zagreba.hr\/index.php?rest_route=\/wp\/v2\/users\/1"}],"replies":[{"embeddable":true,"href":"https:\/\/www.savez-inovatora-zagreba.hr\/index.php?rest_route=%2Fwp%2Fv2%2Fcomments&post=37"}],"version-history":[{"count":9,"href":"https:\/\/www.savez-inovatora-zagreba.hr\/index.php?rest_route=\/wp\/v2\/pages\/37\/revisions"}],"predecessor-version":[{"id":2069,"href":"https:\/\/www.savez-inovatora-zagreba.hr\/index.php?rest_route=\/wp\/v2\/pages\/37\/revisions\/2069"}],"wp:attachment":[{"href":"https:\/\/www.savez-inovatora-zagreba.hr\/index.php?rest_route=%2Fwp%2Fv2%2Fmedia&parent=37"}],"curies":[{"name":"wp","href":"https:\/\/api.w.org\/{rel}","templated":true}]}}