{"id":31,"date":"2015-02-13T09:22:42","date_gmt":"2015-02-13T09:22:42","guid":{"rendered":"http:\/\/pph\/siz\/?page_id=31"},"modified":"2026-03-10T12:01:09","modified_gmt":"2026-03-10T12:01:09","slug":"dokumenti","status":"publish","type":"page","link":"https:\/\/www.savez-inovatora-zagreba.hr\/?page_id=31","title":{"rendered":"Dokumenti"},"content":{"rendered":"<hr \/>\n<ul>\n<li><\/li>\n<li><a href=\"http:\/\/www.savez-inovatora-zagreba.hr\/wp-content\/uploads\/Pravilnik-o-postupku-nabave.pdf\">Pravilnik o postupku nabave na koje se ne primjenjuje Zakon o javnoj nabavi<\/a><\/li>\n<li><\/li>\n<li><a href=\"http:\/\/www.savez-inovatora-zagreba.hr\/wp-content\/uploads\/Neprof-31.12.2017.pdf\">Financijsko izvje\u0161\u0107e Saveza inovatora Zagreba za 2017.g.<\/a><\/li>\n<li><\/li>\n<li><a href=\"http:\/\/www.savez-inovatora-zagreba.hr\/wp-content\/uploads\/Financijsko-izvje\u0161\u0107e-Saveza-inovatora-Zagreba-za-2018.g..pdf\">Financijsko izvje\u0161\u0107e Saveza inovatora Zagreba za 2018.g.<\/a><\/li>\n<li><\/li>\n<li><a href=\"https:\/\/www.savez-inovatora-zagreba.hr\/wp-content\/uploads\/pravilnik-o-sistematizaciji-radnih-mjesta-2025.pdf\">PRAVILNIK O ORGANIZACIJI I SISTEMATIZACIJI RADNIH MJESTA<\/a><\/li>\n<li><\/li>\n<li><a href=\"https:\/\/www.savez-inovatora-zagreba.hr\/wp-content\/uploads\/Financijsko-izvjesce-Saveza-inovatora-Zagreba-za-2019.g..pdf\">Financijsko izvjesce Saveza inovatora Zagreba za 2019.g.<\/a><\/li>\n<li><\/li>\n<li><a href=\"https:\/\/www.savez-inovatora-zagreba.hr\/wp-content\/uploads\/Financijsko-izvjesce-Saveza-inovatora-Zagreba-za-2020.g..pdf\">Financijsko izvjesce Saveza inovatora Zagreba za 2020.g.<\/a><\/li>\n<li><\/li>\n<li><a href=\"https:\/\/www.savez-inovatora-zagreba.hr\/wp-content\/uploads\/finan.izvjesce-za-2021.g.Saveza.pdf\">Financijsko izvjesce Saveza inovatora Zagreba za 2021.g.<\/a><\/li>\n<li><\/li>\n<li><a href=\"https:\/\/www.savez-inovatora-zagreba.hr\/wp-content\/uploads\/finan.izvjesce-za-2022.g.Saveza.pdf\">Financijsko izvjesce Saveza inovatora Zagreba za 2022.g.<\/a><\/li>\n<li><\/li>\n<li><a href=\"https:\/\/www.savez-inovatora-zagreba.hr\/wp-content\/uploads\/FINANCIJSKO-IZVJESCE-ZA-2023-FINA.pdf\">Financijsko izvjesce Saveza inovatora Zagreba za 2023.g.<\/a><\/li>\n<li><\/li>\n<li><a href=\"https:\/\/www.savez-inovatora-zagreba.hr\/wp-content\/uploads\/FINAN-IZVJESCE-ZA-2024-FINA.pdf\">Financijsko izvjesce Saveza inovatora Zagreba za 2024.g.<\/a><\/li>\n<li><\/li>\n<li><a href=\"https:\/\/www.savez-inovatora-zagreba.hr\/wp-content\/uploads\/FINAN.IZVJESCE-ZA-2025.FINA_.pdf\">Financijsko izvjesce Saveza inovatora Zagreba za 2025.g.<\/a><\/li>\n<li><\/li>\n<li><a href=\"https:\/\/www.savez-inovatora-zagreba.hr\/wp-content\/uploads\/Program-rada-za-2025.-U-RH-I-INOZEM..pdf\">Program rada Saveza inovatora Zagreba u 2025.g.<\/a><\/li>\n<li><\/li>\n<li><a href=\"https:\/\/www.savez-inovatora-zagreba.hr\/wp-content\/uploads\/statut-Saveza-od-22.4.2015.pdf\">Statut Saveza inovatora Zagreba od 22.04.2015.<\/a><\/li>\n<li><\/li>\n<li><a href=\"https:\/\/www.savez-inovatora-zagreba.hr\/wp-content\/uploads\/izmjena-i-dopuna-statuta-Saveza-24.2.2022.pdf\">Izmjene i dopune Statuta Saveza inovatora Zagreba od 24.02.2022.<\/a><\/li>\n<li><\/li>\n<\/ul>","protected":false},"excerpt":{"rendered":"<p>Pravilnik o postupku nabave na koje se ne primjenjuje Zakon o javnoj nabavi Financijsko izvje\u0161\u0107e Saveza inovatora Zagreba za 2017.g. Financijsko izvje\u0161\u0107e Saveza inovatora Zagreba za 2018.g. PRAVILNIK O ORGANIZACIJI I SISTEMATIZACIJI RADNIH MJESTA Financijsko izvjesce Saveza inovatora Zagreba za 2019.g. Financijsko izvjesce Saveza inovatora Zagreba za 2020.g. Financijsko izvjesce Saveza inovatora Zagreba za 2021.g. &hellip; <a href=\"https:\/\/www.savez-inovatora-zagreba.hr\/?page_id=31\">Continued<\/a><\/p>\n","protected":false},"author":1,"featured_media":0,"parent":0,"menu_order":0,"comment_status":"open","ping_status":"open","template":"","meta":[],"_links":{"self":[{"href":"https:\/\/www.savez-inovatora-zagreba.hr\/index.php?rest_route=\/wp\/v2\/pages\/31"}],"collection":[{"href":"https:\/\/www.savez-inovatora-zagreba.hr\/index.php?rest_route=\/wp\/v2\/pages"}],"about":[{"href":"https:\/\/www.savez-inovatora-zagreba.hr\/index.php?rest_route=\/wp\/v2\/types\/page"}],"author":[{"embeddable":true,"href":"https:\/\/www.savez-inovatora-zagreba.hr\/index.php?rest_route=\/wp\/v2\/users\/1"}],"replies":[{"embeddable":true,"href":"https:\/\/www.savez-inovatora-zagreba.hr\/index.php?rest_route=%2Fwp%2Fv2%2Fcomments&post=31"}],"version-history":[{"count":45,"href":"https:\/\/www.savez-inovatora-zagreba.hr\/index.php?rest_route=\/wp\/v2\/pages\/31\/revisions"}],"predecessor-version":[{"id":2706,"href":"https:\/\/www.savez-inovatora-zagreba.hr\/index.php?rest_route=\/wp\/v2\/pages\/31\/revisions\/2706"}],"wp:attachment":[{"href":"https:\/\/www.savez-inovatora-zagreba.hr\/index.php?rest_route=%2Fwp%2Fv2%2Fmedia&parent=31"}],"curies":[{"name":"wp","href":"https:\/\/api.w.org\/{rel}","templated":true}]}}